{"id":283639,"date":"2024-05-17T13:12:02","date_gmt":"2024-05-17T11:12:02","guid":{"rendered":"https:\/\/zeline.nl\/product\/wess-office-gametable\/"},"modified":"2025-12-08T16:45:19","modified_gmt":"2025-12-08T14:45:19","slug":"wess-office-gametable","status":"publish","type":"product","link":"https:\/\/zeline.nl\/en\/product\/wess-office-gametable\/","title":{"rendered":"WESS Office-\/Gametable"},"content":{"rendered":"<p>Deze mooie strakke kantoor tafel is multifunctioneel inzetbaar en in hoogte verstelbaar. Hij heeft de afmeting van een offici\u00eble wedstrijd tafeltennistafel maar is zo gebouwd dat je er ook in een handomdraai  \u00e9\u00e9n grote vergadertafel van maakt. WESS: Werken, Eten, Spelen, Samenkomen<\/p>\n<p>De kantoortafel WESS is standaard leverbaar in 3 kleuren speelblad en in 4 verschillende kleuren voor het onderstel. Andere kleuren bovenblad zijn een optie tegen meerprijs, net als de volgende handige extra&#8217;s als optie bij besteld kunnen worden:<\/p>\n<p>&#8211; De 2-delige uitvoering, voor als u nog flexibeler wilt zijn en de tafel wilt kunnen opsplitsen in 2 eet- of werktafels.<br \/>\n&#8211; De wielen set waardoor u werkelijk zonder moeite alle kanten op kan met deze alleskunner.<br \/>\n&#8211; De offici\u00eble tafeltennisbelijning; voor als de nadruk bij uw gebruik op het spelen ligt.<br \/>\n&#8211; Extra stopcontacten, zowel onder als in de tafel als werken en presenteren bij uw keuze zwaar weegt.<\/p>\n<p>Informeer vrijblijvend naar alle mogelijkheden, variaties en prijzen. We staan u graag te woord!<\/p>\n<p>Vergader-en tafeltennistafel WESS Office is een product van Wolve Concepts en staat voor *werken *eten *spelen *samenkomen<\/p>\n","protected":false},"excerpt":{"rendered":"<p>Deze mooie strakke kantoor tafel is multifunctioneel inzetbaar en in hoogte verstelbaar. Hij heeft de afmeting van een offici\u00eble wedstrijd tafeltennistafel maar is zo gebouwd dat je er ook in een handomdraai \u00e9\u00e9n grote vergadertafel van maakt. WESS: Werken, Eten, Spelen, Samenkomen De kantoortafel WESS is standaard leverbaar in 3 kleuren speelblad en in 4&hellip;<\/p>\n","protected":false},"featured_media":284439,"template":"","meta":{"_acf_changed":false},"product_brand":[],"product_cat":[17],"product_tag":[],"class_list":{"0":"post-283639","1":"product","2":"type-product","3":"status-publish","4":"has-post-thumbnail","6":"product_cat-tafeltennis","8":"first","9":"instock","10":"taxable","11":"shipping-taxable","12":"purchasable","13":"product-type-simple"},"acf":[],"yoast_head":"<!-- This site is optimized with the Yoast SEO plugin v25.4 - https:\/\/yoast.com\/wordpress\/plugins\/seo\/ -->\n<title>WESS Office-\/Gametable - Zeline<\/title>\n<meta name=\"robots\" content=\"index, follow, max-snippet:-1, max-image-preview:large, max-video-preview:-1\" \/>\n<link rel=\"canonical\" href=\"https:\/\/zeline.nl\/product\/wess-office-gametable\/\" \/>\n<meta property=\"og:locale\" content=\"en_US\" \/>\n<meta property=\"og:type\" content=\"article\" \/>\n<meta property=\"og:title\" content=\"WESS Office-\/Gametable - Zeline\" \/>\n<meta property=\"og:description\" content=\"Deze mooie strakke kantoor tafel is multifunctioneel inzetbaar en in hoogte verstelbaar. Hij heeft de afmeting van een offici\u00eble wedstrijd tafeltennistafel maar is zo gebouwd dat je er ook in een handomdraai \u00e9\u00e9n grote vergadertafel van maakt. WESS: Werken, Eten, Spelen, Samenkomen De kantoortafel WESS is standaard leverbaar in 3 kleuren speelblad en in 4&hellip;\" \/>\n<meta property=\"og:url\" content=\"https:\/\/zeline.nl\/product\/wess-office-gametable\/\" \/>\n<meta property=\"og:site_name\" content=\"Zeline\" \/>\n<meta property=\"article:modified_time\" content=\"2025-12-08T14:45:19+00:00\" \/>\n<meta property=\"og:image\" content=\"https:\/\/zeline.nl\/wp-content\/uploads\/2024\/06\/onzeshowroom-9-van-30.1000x1000-6.jpg\" \/>\n\t<meta property=\"og:image:width\" content=\"1000\" \/>\n\t<meta property=\"og:image:height\" content=\"667\" \/>\n\t<meta property=\"og:image:type\" content=\"image\/jpeg\" \/>\n<meta name=\"twitter:card\" content=\"summary_large_image\" \/>\n<meta name=\"twitter:label1\" content=\"Est. reading time\" \/>\n\t<meta name=\"twitter:data1\" content=\"1 minute\" \/>\n<script type=\"application\/ld+json\" class=\"yoast-schema-graph\">{\"@context\":\"https:\/\/schema.org\",\"@graph\":[{\"@type\":\"WebPage\",\"@id\":\"https:\/\/zeline.nl\/product\/wess-office-gametable\/\",\"url\":\"https:\/\/zeline.nl\/product\/wess-office-gametable\/\",\"name\":\"WESS Office-\/Gametable - Zeline\",\"isPartOf\":{\"@id\":\"https:\/\/zeline.nl\/#website\"},\"primaryImageOfPage\":{\"@id\":\"https:\/\/zeline.nl\/product\/wess-office-gametable\/#primaryimage\"},\"image\":{\"@id\":\"https:\/\/zeline.nl\/product\/wess-office-gametable\/#primaryimage\"},\"thumbnailUrl\":\"https:\/\/zeline.nl\/wp-content\/uploads\/2024\/06\/onzeshowroom-9-van-30.1000x1000-6.jpg\",\"datePublished\":\"2024-05-17T11:12:02+00:00\",\"dateModified\":\"2025-12-08T14:45:19+00:00\",\"breadcrumb\":{\"@id\":\"https:\/\/zeline.nl\/product\/wess-office-gametable\/#breadcrumb\"},\"inLanguage\":\"en-US\",\"potentialAction\":[{\"@type\":\"ReadAction\",\"target\":[\"https:\/\/zeline.nl\/product\/wess-office-gametable\/\"]}]},{\"@type\":\"ImageObject\",\"inLanguage\":\"en-US\",\"@id\":\"https:\/\/zeline.nl\/product\/wess-office-gametable\/#primaryimage\",\"url\":\"https:\/\/zeline.nl\/wp-content\/uploads\/2024\/06\/onzeshowroom-9-van-30.1000x1000-6.jpg\",\"contentUrl\":\"https:\/\/zeline.nl\/wp-content\/uploads\/2024\/06\/onzeshowroom-9-van-30.1000x1000-6.jpg\",\"width\":1000,\"height\":667},{\"@type\":\"BreadcrumbList\",\"@id\":\"https:\/\/zeline.nl\/product\/wess-office-gametable\/#breadcrumb\",\"itemListElement\":[{\"@type\":\"ListItem\",\"position\":1,\"name\":\"Home\",\"item\":\"https:\/\/zeline.nl\/en\/\"},{\"@type\":\"ListItem\",\"position\":2,\"name\":\"Shop\",\"item\":\"https:\/\/zeline.nl\/en\/shop\/\"},{\"@type\":\"ListItem\",\"position\":3,\"name\":\"WESS Office-\/Gametable\"}]},{\"@type\":\"WebSite\",\"@id\":\"https:\/\/zeline.nl\/#website\",\"url\":\"https:\/\/zeline.nl\/\",\"name\":\"Zeline\",\"description\":\"GameFun\",\"potentialAction\":[{\"@type\":\"SearchAction\",\"target\":{\"@type\":\"EntryPoint\",\"urlTemplate\":\"https:\/\/zeline.nl\/?s={search_term_string}\"},\"query-input\":{\"@type\":\"PropertyValueSpecification\",\"valueRequired\":true,\"valueName\":\"search_term_string\"}}],\"inLanguage\":\"en-US\"}]}<\/script>\n<!-- \/ Yoast SEO plugin. -->","yoast_head_json":{"title":"WESS Office-\/Gametable - Zeline","robots":{"index":"index","follow":"follow","max-snippet":"max-snippet:-1","max-image-preview":"max-image-preview:large","max-video-preview":"max-video-preview:-1"},"canonical":"https:\/\/zeline.nl\/product\/wess-office-gametable\/","og_locale":"en_US","og_type":"article","og_title":"WESS Office-\/Gametable - Zeline","og_description":"Deze mooie strakke kantoor tafel is multifunctioneel inzetbaar en in hoogte verstelbaar. Hij heeft de afmeting van een offici\u00eble wedstrijd tafeltennistafel maar is zo gebouwd dat je er ook in een handomdraai \u00e9\u00e9n grote vergadertafel van maakt. WESS: Werken, Eten, Spelen, Samenkomen De kantoortafel WESS is standaard leverbaar in 3 kleuren speelblad en in 4&hellip;","og_url":"https:\/\/zeline.nl\/product\/wess-office-gametable\/","og_site_name":"Zeline","article_modified_time":"2025-12-08T14:45:19+00:00","og_image":[{"width":1000,"height":667,"url":"https:\/\/zeline.nl\/wp-content\/uploads\/2024\/06\/onzeshowroom-9-van-30.1000x1000-6.jpg","type":"image\/jpeg"}],"twitter_card":"summary_large_image","twitter_misc":{"Est. reading time":"1 minute"},"schema":{"@context":"https:\/\/schema.org","@graph":[{"@type":"WebPage","@id":"https:\/\/zeline.nl\/product\/wess-office-gametable\/","url":"https:\/\/zeline.nl\/product\/wess-office-gametable\/","name":"WESS Office-\/Gametable - Zeline","isPartOf":{"@id":"https:\/\/zeline.nl\/#website"},"primaryImageOfPage":{"@id":"https:\/\/zeline.nl\/product\/wess-office-gametable\/#primaryimage"},"image":{"@id":"https:\/\/zeline.nl\/product\/wess-office-gametable\/#primaryimage"},"thumbnailUrl":"https:\/\/zeline.nl\/wp-content\/uploads\/2024\/06\/onzeshowroom-9-van-30.1000x1000-6.jpg","datePublished":"2024-05-17T11:12:02+00:00","dateModified":"2025-12-08T14:45:19+00:00","breadcrumb":{"@id":"https:\/\/zeline.nl\/product\/wess-office-gametable\/#breadcrumb"},"inLanguage":"en-US","potentialAction":[{"@type":"ReadAction","target":["https:\/\/zeline.nl\/product\/wess-office-gametable\/"]}]},{"@type":"ImageObject","inLanguage":"en-US","@id":"https:\/\/zeline.nl\/product\/wess-office-gametable\/#primaryimage","url":"https:\/\/zeline.nl\/wp-content\/uploads\/2024\/06\/onzeshowroom-9-van-30.1000x1000-6.jpg","contentUrl":"https:\/\/zeline.nl\/wp-content\/uploads\/2024\/06\/onzeshowroom-9-van-30.1000x1000-6.jpg","width":1000,"height":667},{"@type":"BreadcrumbList","@id":"https:\/\/zeline.nl\/product\/wess-office-gametable\/#breadcrumb","itemListElement":[{"@type":"ListItem","position":1,"name":"Home","item":"https:\/\/zeline.nl\/en\/"},{"@type":"ListItem","position":2,"name":"Shop","item":"https:\/\/zeline.nl\/en\/shop\/"},{"@type":"ListItem","position":3,"name":"WESS Office-\/Gametable"}]},{"@type":"WebSite","@id":"https:\/\/zeline.nl\/#website","url":"https:\/\/zeline.nl\/","name":"Zeline","description":"GameFun","potentialAction":[{"@type":"SearchAction","target":{"@type":"EntryPoint","urlTemplate":"https:\/\/zeline.nl\/?s={search_term_string}"},"query-input":{"@type":"PropertyValueSpecification","valueRequired":true,"valueName":"search_term_string"}}],"inLanguage":"en-US"}]}},"_links":{"self":[{"href":"https:\/\/zeline.nl\/en\/wp-json\/wp\/v2\/product\/283639","targetHints":{"allow":["GET"]}}],"collection":[{"href":"https:\/\/zeline.nl\/en\/wp-json\/wp\/v2\/product"}],"about":[{"href":"https:\/\/zeline.nl\/en\/wp-json\/wp\/v2\/types\/product"}],"wp:featuredmedia":[{"embeddable":true,"href":"https:\/\/zeline.nl\/en\/wp-json\/wp\/v2\/media\/284439"}],"wp:attachment":[{"href":"https:\/\/zeline.nl\/en\/wp-json\/wp\/v2\/media?parent=283639"}],"wp:term":[{"taxonomy":"product_brand","embeddable":true,"href":"https:\/\/zeline.nl\/en\/wp-json\/wp\/v2\/product_brand?post=283639"},{"taxonomy":"product_cat","embeddable":true,"href":"https:\/\/zeline.nl\/en\/wp-json\/wp\/v2\/product_cat?post=283639"},{"taxonomy":"product_tag","embeddable":true,"href":"https:\/\/zeline.nl\/en\/wp-json\/wp\/v2\/product_tag?post=283639"}],"curies":[{"name":"wp","href":"https:\/\/api.w.org\/{rel}","templated":true}]}}